{"id":1332,"date":"2018-01-26T12:28:30","date_gmt":"2018-01-26T10:28:30","guid":{"rendered":"http:\/\/sifnos-artemonas.com\/?page_id=1332"},"modified":"2025-11-24T23:55:19","modified_gmt":"2025-11-24T21:55:19","slug":"facilitiesguest","status":"publish","type":"page","link":"https:\/\/sifnos-artemonas.com\/fr\/the-wine-press\/facilitiesguest\/","title":{"rendered":"FACILITIES la presse a vin"},"content":{"rendered":"<div id=\"1486551863241-070636e5-f922\" class=\"vc_tta-panel vc_active\">\n<div class=\"vc_tta-panel-body\">\n<div class=\"wpb_text_column wpb_content_element \">\n<h6 style=\"text-align: left;\"><em><small><span style=\"color: #7d7d99;\">INT\u00c9RIEUR&nbsp;<\/span><\/small><\/em><\/h6>\n<p><figure id=\"attachment_1343\" aria-describedby=\"caption-attachment-1343\" style=\"width: 1920px\" class=\"wp-caption alignnone\"><a href=\"https:\/\/sifnos-artemonas.com\/photo-galleries\/nggallery\/allgalleries\/wine-press\"><img loading=\"lazy\" decoding=\"async\" class=\"wp-image-1343 size-full\" title=\" click sur la photo pour ouvrir toutes les photos\" src=\"https:\/\/sifnos-artemonas.com\/wp-content\/uploads\/2018\/01\/DRIMG_0108.jpg\" alt=\"\" width=\"1920\" height=\"1280\" srcset=\"https:\/\/sifnos-artemonas.com\/wp-content\/uploads\/2018\/01\/DRIMG_0108.jpg 1920w, https:\/\/sifnos-artemonas.com\/wp-content\/uploads\/2018\/01\/DRIMG_0108-300x200.jpg 300w, https:\/\/sifnos-artemonas.com\/wp-content\/uploads\/2018\/01\/DRIMG_0108-768x512.jpg 768w, https:\/\/sifnos-artemonas.com\/wp-content\/uploads\/2018\/01\/DRIMG_0108-1024x683.jpg 1024w\" sizes=\"auto, (max-width: 767px) 89vw, (max-width: 1000px) 54vw, (max-width: 1071px) 543px, 580px\" \/><\/a><figcaption id=\"caption-attachment-1343\" class=\"wp-caption-text\">click sur la photo pour ouvrir toutes les photos<\/figcaption><\/figure>\n<\/div>\n<div class=\"wpb_text_column wpb_content_element \">\n<div class=\"wpb_wrapper\">\n<p style=\"text-align: justify;\"><span style=\"color: #7d7d99;\"><em>\u2666 cuisine traditionnelle, enti\u00e8rement \u00e9quip\u00e9e &nbsp; \u2666 draps et serviettes de bain &nbsp;\u2666 machine \u00e0 laver &nbsp; \u2666 fer \/ planche \u00e0 repasser &nbsp; \u2666 ADSL internet \u2666&nbsp;acc\u00e8s Wi-Fi &nbsp; \u2666 jeux de soci\u00e9t\u00e9 &nbsp; \u2666 livres (en&nbsp;<\/em><\/span><em style=\"font-size: 1rem; color: #7d7d99;\">fran\u00e7ais<\/em><span style=\"color: #7d7d99;\"><em>&nbsp;et en <\/em><\/span><em style=\"font-size: 1rem; color: #7d7d99;\">anglais<\/em><em style=\"font-size: 1rem; color: #7d7d99;\">) &nbsp; \u2666 cartes des sentiers de randonn\u00e9e<\/em><\/p>\n<\/div>\n<\/div>\n<div class=\"wpb_text_column wpb_content_element \">\n<div class=\"wpb_wrapper\">\n<h6 style=\"text-align: left;\"><em><small><span style=\"color: #7d7d99;\">EXT\u00c9RIEUR <\/span><\/small><\/em><\/h6>\n<p><img loading=\"lazy\" decoding=\"async\" class=\"alignnone wp-image-1339 size-full\" src=\"https:\/\/sifnos-artemonas.com\/wp-content\/uploads\/2018\/01\/YardDPP_0341.jpg\" alt=\"\" width=\"1920\" height=\"1280\" srcset=\"https:\/\/sifnos-artemonas.com\/wp-content\/uploads\/2018\/01\/YardDPP_0341.jpg 1920w, https:\/\/sifnos-artemonas.com\/wp-content\/uploads\/2018\/01\/YardDPP_0341-300x200.jpg 300w, https:\/\/sifnos-artemonas.com\/wp-content\/uploads\/2018\/01\/YardDPP_0341-768x512.jpg 768w, https:\/\/sifnos-artemonas.com\/wp-content\/uploads\/2018\/01\/YardDPP_0341-1024x683.jpg 1024w\" sizes=\"auto, (max-width: 767px) 89vw, (max-width: 1000px) 54vw, (max-width: 1071px) 543px, 580px\" \/><\/p>\n<\/div>\n<\/div>\n<div class=\"wpb_text_column wpb_content_element \">\n<div class=\"wpb_wrapper\">\n<p style=\"text-align: justify;\"><span style=\"color: #7d7d99;\"><em>\u2666 cours &nbsp;\u2666 meubles de jardin \u2666 hamacs &nbsp;\u2666 balan\u00e7oires pour enfants &nbsp;\u2666<span style=\"font-size: 1rem;\"> jardin avec des herbes locales, des plantes, des fleurs et de grands pins<\/span><span style=\"font-size: 1rem;\">&nbsp;&nbsp;<\/span>\u2666<span style=\"font-size: 1rem;\"> petit jardin aux herbes aromatiques et produits mara\u00eechers pour cuisiner<\/span><\/em><\/span><\/p>\n<\/div>\n<\/div>\n<\/div>\n<\/div>\n<p><span style=\"font-size: 1rem;\"><em><span style=\"color: #7d7d87;\">animaux de compagnie accept\u00e9s<\/span><\/em> <span style=\"font-size: small;\">sur demande<br \/>Nous souhaitons informer nos invit\u00e9s qu\u2019un chien a peut-\u00eatre d\u00e9j\u00e0 v\u00e9cu sur les lieux, \u00e0 l\u2019int\u00e9rieur ou \u00e0 l\u2019ext\u00e9rieur de la maison. <br \/>Nous vous signalons cela au cas o\u00f9 vous seriez allergique aux chiens. <br \/>Veuillez noter que la maison est nettoy\u00e9e en profondeur entre chaque s\u00e9jour.<br \/><\/span><\/span><\/p>\n\n\n<p><\/p><script src=\"https:\/\/www.bookingmood.com\/js\/embed.js\"><\/script>\n<div data-bm=\"calendar\/9d5c6a4f-14ac-4d38-aba7-0c7cb5f63ca1\" data-bm-layout=\"popup\" data-bm-label=\"Disponibilite la presse a vin\" data-bm-background-color=\"#7d7d99\" data-bm-color=\"#fff\" data-bm-width=\"#50\" class=\"wp-bookingmood-widget\"><\/div>\n","protected":false},"excerpt":{"rendered":"<p>INT\u00c9RIEUR&nbsp; \u2666 cuisine traditionnelle, enti\u00e8rement \u00e9quip\u00e9e &nbsp; \u2666 draps et serviettes de bain &nbsp;\u2666 machine \u00e0 laver &nbsp; \u2666 fer \/ planche \u00e0 repasser &nbsp; \u2666 ADSL internet \u2666&nbsp;acc\u00e8s Wi-Fi &nbsp; \u2666 jeux de soci\u00e9t\u00e9 &nbsp; \u2666 livres (en&nbsp;fran\u00e7ais&nbsp;et en anglais) &nbsp; \u2666 cartes des sentiers de randonn\u00e9e EXT\u00c9RIEUR \u2666 cours &nbsp;\u2666 meubles de jardin &hellip; <\/p>\n<p class=\"link-more\"><a href=\"https:\/\/sifnos-artemonas.com\/fr\/the-wine-press\/facilitiesguest\/\" class=\"more-link\">Continue reading<span class=\"screen-reader-text\"> &#8220;FACILITIES la presse a vin&#8221;<\/span><\/a><\/p>\n","protected":false},"author":1,"featured_media":2712,"parent":72,"menu_order":0,"comment_status":"closed","ping_status":"closed","template":"","meta":{"ngg_post_thumbnail":0,"footnotes":""},"class_list":["post-1332","page","type-page","status-publish","has-post-thumbnail","hentry"],"translation":{"provider":"WPGlobus","version":"3.0.2","language":"fr","enabled_languages":["gb","fr","gr"],"languages":{"gb":{"title":true,"content":true,"excerpt":false},"fr":{"title":true,"content":true,"excerpt":false},"gr":{"title":true,"content":true,"excerpt":false}}},"_links":{"self":[{"href":"https:\/\/sifnos-artemonas.com\/fr\/wp-json\/wp\/v2\/pages\/1332","targetHints":{"allow":["GET"]}}],"collection":[{"href":"https:\/\/sifnos-artemonas.com\/fr\/wp-json\/wp\/v2\/pages"}],"about":[{"href":"https:\/\/sifnos-artemonas.com\/fr\/wp-json\/wp\/v2\/types\/page"}],"author":[{"embeddable":true,"href":"https:\/\/sifnos-artemonas.com\/fr\/wp-json\/wp\/v2\/users\/1"}],"replies":[{"embeddable":true,"href":"https:\/\/sifnos-artemonas.com\/fr\/wp-json\/wp\/v2\/comments?post=1332"}],"version-history":[{"count":84,"href":"https:\/\/sifnos-artemonas.com\/fr\/wp-json\/wp\/v2\/pages\/1332\/revisions"}],"predecessor-version":[{"id":3048,"href":"https:\/\/sifnos-artemonas.com\/fr\/wp-json\/wp\/v2\/pages\/1332\/revisions\/3048"}],"up":[{"embeddable":true,"href":"https:\/\/sifnos-artemonas.com\/fr\/wp-json\/wp\/v2\/pages\/72"}],"wp:featuredmedia":[{"embeddable":true,"href":"https:\/\/sifnos-artemonas.com\/fr\/wp-json\/wp\/v2\/media\/2712"}],"wp:attachment":[{"href":"https:\/\/sifnos-artemonas.com\/fr\/wp-json\/wp\/v2\/media?parent=1332"}],"curies":[{"name":"wp","href":"https:\/\/api.w.org\/{rel}","templated":true}]}}