{"id":1348,"date":"2018-01-26T13:44:26","date_gmt":"2018-01-26T11:44:26","guid":{"rendered":"http:\/\/sifnos-artemonas.com\/?page_id=1348"},"modified":"2025-11-24T23:57:42","modified_gmt":"2025-11-24T21:57:42","slug":"layout_quest","status":"publish","type":"page","link":"https:\/\/sifnos-artemonas.com\/fr\/the-wine-press\/layout_quest\/","title":{"rendered":"AGENCEMENT la presse a vin"},"content":{"rendered":"<h6 style=\"text-align: left;\"><em><small><span style=\"color: #7d7d99;\"> REZ-DE-CHAUSSEE <\/span><\/small><\/em><\/h6>\n<figure id=\"attachment_241\" aria-describedby=\"caption-attachment-241\" style=\"width: 1920px\" class=\"wp-caption alignnone\"><a href=\"https:\/\/sifnos-artemonas.com\/fr\/photo-galleries\/nggallery\/allgalleries\/the-wine-press\"><img loading=\"lazy\" decoding=\"async\" class=\"wp-image-241 size-full\" title=\"click sur la photo pour ouvrir toutes les photos\" src=\"https:\/\/sifnos-artemonas.com\/wp-content\/uploads\/2017\/11\/BedIMG_0100-1.jpg\" alt=\"\" width=\"1920\" height=\"1280\" srcset=\"https:\/\/sifnos-artemonas.com\/wp-content\/uploads\/2017\/11\/BedIMG_0100-1.jpg 1920w, https:\/\/sifnos-artemonas.com\/wp-content\/uploads\/2017\/11\/BedIMG_0100-1-300x200.jpg 300w, https:\/\/sifnos-artemonas.com\/wp-content\/uploads\/2017\/11\/BedIMG_0100-1-768x512.jpg 768w, https:\/\/sifnos-artemonas.com\/wp-content\/uploads\/2017\/11\/BedIMG_0100-1-1024x683.jpg 1024w, https:\/\/sifnos-artemonas.com\/wp-content\/uploads\/2017\/11\/BedIMG_0100-1-600x400.jpg 600w, https:\/\/sifnos-artemonas.com\/wp-content\/uploads\/2017\/11\/BedIMG_0100-1-200x133.jpg 200w, https:\/\/sifnos-artemonas.com\/wp-content\/uploads\/2017\/11\/BedIMG_0100-1-250x167.jpg 250w, https:\/\/sifnos-artemonas.com\/wp-content\/uploads\/2017\/11\/BedIMG_0100-1-550x367.jpg 550w, https:\/\/sifnos-artemonas.com\/wp-content\/uploads\/2017\/11\/BedIMG_0100-1-800x533.jpg 800w, https:\/\/sifnos-artemonas.com\/wp-content\/uploads\/2017\/11\/BedIMG_0100-1-270x180.jpg 270w, https:\/\/sifnos-artemonas.com\/wp-content\/uploads\/2017\/11\/BedIMG_0100-1-450x300.jpg 450w, https:\/\/sifnos-artemonas.com\/wp-content\/uploads\/2017\/11\/BedIMG_0100-1-750x500.jpg 750w\" sizes=\"auto, (max-width: 767px) 89vw, (max-width: 1000px) 54vw, (max-width: 1071px) 543px, 580px\" \/><\/a><figcaption id=\"caption-attachment-241\" class=\"wp-caption-text\">click sur la photo pour ouvrir toutes les photos<\/figcaption><\/figure>\n<p><span style=\"color: #7d7d99;\"><em>\u2666&nbsp;1 lit double &nbsp;&nbsp;\u2666 sale \u00e0 <\/em><em>manger<\/em><em>&nbsp; &nbsp;\u2666 cuisine &nbsp;&nbsp;\u2666 1 salle de bain<\/em><\/span><\/p>\n<p style=\"text-align: justify;\">Espace unifi\u00e9 d&#8217; environ <span style=\"color: #7d7d99;\"><em>30 m\u00e8tres<\/em><\/span> carr\u00e9s qui contient un lit double large de 1,40 m\u00e8tres.<\/p>\n<p style=\"text-align: justify;\">Il contient aussi une cuisine pleinement \u00e9quip\u00e9e et une salle \u00e0 manger o\u00f9 peuvent s&#8217; asseoir confortablement <em><span style=\"color: #7d7d99;\">4 personnes<\/span><\/em>. Sur demande, <span style=\"color: #7d7d99;\"><em>une personne<\/em><\/span> suppl\u00e9mentaire pourrait \u00eatre ajout\u00e9e ou <em><span style=\"color: #7d7d99;\">un lit d&#8217;enfant<\/span><\/em>.<\/p>\n<h6><span style=\"color: #7d7d99;\"><em>MEZZANINE<\/em><\/span><\/h6>\n<p>Un escalier en bois m\u00e8ne \u00e0 la mezzanine o\u00f9 deux personnes en plus peuvent dormir dans 2 lits jumeaux<\/p>\n\n\n<p><\/p><script src=\"https:\/\/www.bookingmood.com\/js\/embed.js\"><\/script>\n<div data-bm=\"calendar\/9d5c6a4f-14ac-4d38-aba7-0c7cb5f63ca1\" data-bm-layout=\"popup\" data-bm-label=\"Disponibilite la presse a vin\" data-bm-background-color=\"#7d7d99\" data-bm-color=\"#fff\" data-bm-width=\"#50\" class=\"wp-bookingmood-widget\"><\/div>\n\n","protected":false},"excerpt":{"rendered":"<p>REZ-DE-CHAUSSEE \u2666&nbsp;1 lit double &nbsp;&nbsp;\u2666 sale \u00e0 manger&nbsp; &nbsp;\u2666 cuisine &nbsp;&nbsp;\u2666 1 salle de bain Espace unifi\u00e9 d&#8217; environ 30 m\u00e8tres carr\u00e9s qui contient un lit double large de 1,40 m\u00e8tres. Il contient aussi une cuisine pleinement \u00e9quip\u00e9e et une salle \u00e0 manger o\u00f9 peuvent s&#8217; asseoir confortablement 4 personnes. Sur demande, une personne suppl\u00e9mentaire &hellip; <\/p>\n<p class=\"link-more\"><a href=\"https:\/\/sifnos-artemonas.com\/fr\/the-wine-press\/layout_quest\/\" class=\"more-link\">Continue reading<span class=\"screen-reader-text\"> &#8220;AGENCEMENT la presse a vin&#8221;<\/span><\/a><\/p>\n","protected":false},"author":1,"featured_media":2665,"parent":72,"menu_order":0,"comment_status":"closed","ping_status":"closed","template":"","meta":{"ngg_post_thumbnail":330,"footnotes":""},"class_list":["post-1348","page","type-page","status-publish","has-post-thumbnail","hentry"],"translation":{"provider":"WPGlobus","version":"3.0.2","language":"fr","enabled_languages":["gb","fr","gr"],"languages":{"gb":{"title":true,"content":true,"excerpt":false},"fr":{"title":true,"content":true,"excerpt":false},"gr":{"title":true,"content":true,"excerpt":false}}},"_links":{"self":[{"href":"https:\/\/sifnos-artemonas.com\/fr\/wp-json\/wp\/v2\/pages\/1348","targetHints":{"allow":["GET"]}}],"collection":[{"href":"https:\/\/sifnos-artemonas.com\/fr\/wp-json\/wp\/v2\/pages"}],"about":[{"href":"https:\/\/sifnos-artemonas.com\/fr\/wp-json\/wp\/v2\/types\/page"}],"author":[{"embeddable":true,"href":"https:\/\/sifnos-artemonas.com\/fr\/wp-json\/wp\/v2\/users\/1"}],"replies":[{"embeddable":true,"href":"https:\/\/sifnos-artemonas.com\/fr\/wp-json\/wp\/v2\/comments?post=1348"}],"version-history":[{"count":66,"href":"https:\/\/sifnos-artemonas.com\/fr\/wp-json\/wp\/v2\/pages\/1348\/revisions"}],"predecessor-version":[{"id":3051,"href":"https:\/\/sifnos-artemonas.com\/fr\/wp-json\/wp\/v2\/pages\/1348\/revisions\/3051"}],"up":[{"embeddable":true,"href":"https:\/\/sifnos-artemonas.com\/fr\/wp-json\/wp\/v2\/pages\/72"}],"wp:featuredmedia":[{"embeddable":true,"href":"https:\/\/sifnos-artemonas.com\/fr\/wp-json\/wp\/v2\/media\/2665"}],"wp:attachment":[{"href":"https:\/\/sifnos-artemonas.com\/fr\/wp-json\/wp\/v2\/media?parent=1348"}],"curies":[{"name":"wp","href":"https:\/\/api.w.org\/{rel}","templated":true}]}}