{"id":2896,"date":"2025-03-30T13:17:47","date_gmt":"2025-03-30T11:17:47","guid":{"rendered":"https:\/\/sifnos-artemonas.com\/?page_id=2896"},"modified":"2025-03-31T12:13:24","modified_gmt":"2025-03-31T10:13:24","slug":"phones","status":"publish","type":"page","link":"https:\/\/sifnos-artemonas.com\/fr\/phones\/","title":{"rendered":"Num\u00e9ros de t\u00e9l\u00e9phone utiles"},"content":{"rendered":"\n<div class=\"wp-block-media-text is-stacked-on-mobile is-vertically-aligned-center\" style=\"grid-template-columns:46% auto\"><figure class=\"wp-block-media-text__media\"><img loading=\"lazy\" decoding=\"async\" width=\"1024\" height=\"754\" src=\"https:\/\/sifnos-artemonas.com\/wp-content\/uploads\/2025\/03\/\u039c\u03c0\u03b1\u03bb\u03ac\u03bd\u03bf\u03c5-\u03c3\u03ba\u03af\u03c4\u03c3\u03bf-ca-edit-1024x754.jpg\" alt=\"\" class=\"wp-image-2878 size-full\" srcset=\"https:\/\/sifnos-artemonas.com\/wp-content\/uploads\/2025\/03\/\u039c\u03c0\u03b1\u03bb\u03ac\u03bd\u03bf\u03c5-\u03c3\u03ba\u03af\u03c4\u03c3\u03bf-ca-edit-1024x754.jpg 1024w, https:\/\/sifnos-artemonas.com\/wp-content\/uploads\/2025\/03\/\u039c\u03c0\u03b1\u03bb\u03ac\u03bd\u03bf\u03c5-\u03c3\u03ba\u03af\u03c4\u03c3\u03bf-ca-edit-300x221.jpg 300w, https:\/\/sifnos-artemonas.com\/wp-content\/uploads\/2025\/03\/\u039c\u03c0\u03b1\u03bb\u03ac\u03bd\u03bf\u03c5-\u03c3\u03ba\u03af\u03c4\u03c3\u03bf-ca-edit-768x565.jpg 768w, https:\/\/sifnos-artemonas.com\/wp-content\/uploads\/2025\/03\/\u039c\u03c0\u03b1\u03bb\u03ac\u03bd\u03bf\u03c5-\u03c3\u03ba\u03af\u03c4\u03c3\u03bf-ca-edit-1536x1130.jpg 1536w, https:\/\/sifnos-artemonas.com\/wp-content\/uploads\/2025\/03\/\u039c\u03c0\u03b1\u03bb\u03ac\u03bd\u03bf\u03c5-\u03c3\u03ba\u03af\u03c4\u03c3\u03bf-ca-edit-2048x1507.jpg 2048w\" sizes=\"auto, (max-width: 767px) 89vw, (max-width: 1000px) 54vw, (max-width: 1071px) 543px, 580px\" \/><\/figure><div class=\"wp-block-media-text__content\">\n<p class=\"has-text-align-center has-text-color has-link-color wp-elements-c6dfc43c6e7200c47ecc3485f9b5c786\" style=\"color:#7d7d99;font-size:22px;text-decoration:underline\"><strong><em>Maison Psacharopoulos<\/em><\/strong><\/p>\n\n\n\n<p class=\"has-text-align-center has-text-color has-link-color wp-elements-ccaeacf18e06f0fa1e9db59dd83459bb\" style=\"color:#7d7d99;font-size:16px\"><strong><strong>Noblesse du pass\u00e9<\/strong><\/strong><\/p>\n\n\n\n<p class=\"has-text-align-center has-text-color has-link-color wp-elements-7deaf88035349cf0b5a158006466033d\" style=\"color:#7d7d99;font-size:16px\"><strong><strong>Sifnos \u2013 Cyclades \u2013 Greece<\/strong><\/strong><\/p>\n<\/div><\/div>\n\n\n\n<hr class=\"wp-block-separator has-alpha-channel-opacity is-style-wide\"\/>\n\n\n\n<p class=\"has-text-align-center\" style=\"font-size:22px\"><strong><em>Sifnos: Num\u00e9ros de t\u00e9l\u00e9phone utiles<\/em><\/strong><\/p>\n\n\n\n<figure class=\"wp-block-table\"><table class=\"has-fixed-layout\"><thead><tr><th>Informations<\/th><th>T\u00e9l\u00e9phone<\/th><\/tr><\/thead><tbody><tr><td>Municipalit\u00e9 de Sifnos<\/td><td>22843 60310<\/td><\/tr><tr><td>Bureau d\u2019Informations<\/td><td>22840 33661-31977<\/td><\/tr><tr><td>Centre de services administratifs aux citoyen<\/td><td>22840 31006-31234<\/td><\/tr><tr><td>Commissariat de Police<\/td><td>22840 31210<\/td><\/tr><tr><td>Capitainerie du Port<\/td><td>22840 33617<\/td><\/tr><tr><td>Refuge de p\u00e9che de Platis Gialos<\/td><td>22840 71365<\/td><\/tr><tr><td>Poste<\/td><td>22840 31329<br><\/td><\/tr><\/tbody><\/table><\/figure>\n\n\n\n<figure class=\"wp-block-table\"><table class=\"has-fixed-layout\"><thead><tr><th>Les cliniques<\/th><th>T\u00e9l\u00e9phone<\/th><\/tr><\/thead><tbody><tr><td>Centre M\u00e9dical R\u00e9gional de Sifnos<\/td><td>22840 31315<\/td><\/tr><tr><td>Laboratoire D\u2019Analyses Kleinakis Ioannis<\/td><td>22840 31544-33677<\/td><\/tr><tr><td>Kinesitherapeutes Menegakis Nikolaos<\/td><td>6986847059<\/td><\/tr><\/tbody><\/table><\/figure>\n\n\n\n<figure class=\"wp-block-table\"><table class=\"has-fixed-layout\"><thead><tr><th>Dentistes<\/th><th>T\u00e9l\u00e9phone<\/th><\/tr><\/thead><tbody><tr><td>Centre dentaire de Sifnos Kottis Dimitrios<\/td><td>6986005006<\/td><\/tr><tr><td>Dentiste Papaggeletos Apostolos<\/td><td>22840 32004<\/td><\/tr><tr><td>Dentiste Foutoulaki Katerina<\/td><td>22840 32222<\/td><\/tr><\/tbody><\/table><\/figure>\n\n\n\n<figure class=\"wp-block-table\"><table class=\"has-fixed-layout\"><thead><tr><th>Pharmacies<\/th><th>\u03a4\u00e9l\u00e9phones<\/th><\/tr><\/thead><tbody><tr><td>Pharmacie Vavritsas Konstantinos<\/td><td>22840 33541<\/td><\/tr><tr><td>Pharmacie Fotiadis Ioakim<\/td><td>22840 33033<\/td><\/tr><tr><td>Kikidis Babis<\/td><td>2284 035210<\/td><\/tr><\/tbody><\/table><\/figure>\n\n\n\n<figure class=\"wp-block-table\"><table class=\"has-fixed-layout\"><thead><tr><th>Banques<\/th><th>T\u00e9l\u00e9phone<\/th><\/tr><\/thead><tbody><tr><td>National Bank of Greece<\/td><td>22840 35603-33605<\/td><\/tr><\/tbody><\/table><\/figure>\n\n\n\n<figure class=\"wp-block-table\"><table class=\"has-fixed-layout\"><thead><tr><th>Mus\u00e9es<\/th><th>T\u00e9l\u00e9phone<\/th><\/tr><\/thead><tbody><tr><td>Mus\u00e9e Arch\u00e9ologique<\/td><td>22840 31022<\/td><\/tr><tr><td>Mus\u00e9e d\u2019art Populaire<\/td><td>22840 31341<\/td><\/tr><tr><td>Mus\u00e9e eccl\u00e9siastique &#8211; Monast\u00e8re de Vrissis<\/td><td>22840 31335<\/td><\/tr><tr><td>Mus\u00e9e de l\u2019Acropole sur la colline d\u2019Agios Andreas<\/td><td>22840 31488<\/td><\/tr><\/tbody><\/table><\/figure>\n\n\n\n<figure class=\"wp-block-table\"><table class=\"has-fixed-layout\"><thead><tr><th>Informations Locales<\/th><th>T\u00e9l\u00e9phone<\/th><\/tr><\/thead><tbody><tr><td>Journaux Locaux &#8220;Sifnos&#8221;<\/td><td>210 5225 264<\/td><\/tr><tr><td>Journaux Locaux &#8220;Sifnaika Nea&#8221;<\/td><td>210 4180 601<\/td><\/tr><tr><td>Radios Locales &#8220;Prisma FM&#8221;<\/td><td>22840 33352-33752<\/td><\/tr><tr><td>Radios Locales &#8220;Radio Active&#8221;<\/td><td>22840 33104<\/td><\/tr><tr><td>Sites D\u2019Informations &#8220;Sifnaiko-fos.gr&#8221;<\/td><td>6947 301221<\/td><\/tr><tr><td>Sites D\u2019Informations &#8220;Sifnos.Net&#8221;<\/td><td>22840 33000<\/td><\/tr><\/tbody><\/table><\/figure>\n\n\n\n<figure class=\"wp-block-table\"><table class=\"has-fixed-layout\"><thead><tr><th>Expositions<\/th><th>T\u00e9l\u00e9phone<\/th><\/tr><\/thead><tbody><tr><td>Fondation d\u2019int\u00e9r\u00eat public Prokos Stylianos<\/td><td>22840 31639<\/td><\/tr><tr><td>Centre culturel &#8220;Simou Marianthi&#8221; de Sifnos<\/td><td>6972 421485<\/td><\/tr><\/tbody><\/table><\/figure>\n\n\n\n<figure class=\"wp-block-table\"><table class=\"has-fixed-layout\"><thead><tr><th>Bus<\/th><th>T\u00e9l\u00e9phone<\/th><\/tr><\/thead><tbody><tr><td>Bus &#8220;Depastas&#8221;<\/td><td>22840 31925<\/td><\/tr><tr><td>Bus &#8220;Frantzis&#8221;<\/td><td>22840 31393<\/td><\/tr><tr><td>Bus &#8220;Psathas&#8221;<\/td><td>22840 31578<\/td><\/tr><tr><td>&#8220;Municipal&#8221; Bus<\/td><td>22840 33661<\/td><\/tr><\/tbody><\/table><\/figure>\n\n\n\n<figure class=\"wp-block-table\"><table class=\"has-fixed-layout\"><thead><tr><th>Taxis<\/th><th>T\u00e9l\u00e9phone<\/th><\/tr><\/thead><tbody><tr><td>Taxi No2 Kalogirou<\/td><td>6944 742652<\/td><\/tr><tr><td>Taxi No3 Komis<\/td><td>69888 08888<\/td><\/tr><tr><td>Taxi No4 Gerontopoulos<\/td><td>6944 444904<\/td><\/tr><tr><td>Taxi No5 Diaremes<\/td><td>6944 642680<\/td><\/tr><tr><td>Taxi No6 Anapliotis<\/td><td>6944 696409<\/td><\/tr><tr><td>Taxi No7 Depastas<\/td><td>6932 403485<\/td><\/tr><tr><td>Taxi No8 Karavis<\/td><td>6944 936111<\/td><\/tr><tr><td>Taxi No9 Chrysogelos<\/td><td>6944 900972<\/td><\/tr><tr><td>Taxi No10 Koulouris<\/td><td>6973 209720<\/td><\/tr><\/tbody><\/table><\/figure>\n\n\n\n<figure class=\"wp-block-table\"><table class=\"has-fixed-layout\"><thead><tr><th>Agences de Voyage<\/th><th>T\u00e9l\u00e9phone<\/th><\/tr><\/thead><tbody><tr><td>\u0391egean Thesaurus Travel &#8211; Kamares<\/td><td>22840 33151-33527<\/td><\/tr><tr><td>Chrisopigi Travel &#8211; Platis Gialos<\/td><td>22840 71523-71463<\/td><\/tr><tr><td>Miles Away Travel &#8211; Platis Gialos<\/td><td>22840 71373 &#8211; 6977 663303<\/td><\/tr><tr><td>Katsoulaki &#8211; Apollonia &amp; Kamares<\/td><td>22840 31700-31004<\/td><\/tr><tr><td>Xidis &#8211; Kamares<\/td><td>22840 31895-31217<\/td><\/tr><tr><td>Podatos Group &#8211; Kamares<\/td><td>22840 33081-31793<\/td><\/tr><\/tbody><\/table><\/figure>\n\n\n\n<figure class=\"wp-block-table\"><table class=\"has-fixed-layout\"><thead><tr><th>Location de Voitures et de Motos<\/th><th>T\u00e9l\u00e9phone<\/th><\/tr><\/thead><tbody><tr><td>Elmar &#8211; Kamares<\/td><td>22840 31040<\/td><\/tr><tr><td>Miles Away Rent a Car &#8211; Platis Gialos<\/td><td>22840 71373 &#8211; 6977 663303<\/td><\/tr><tr><td>Apollo \u2013 Apollonia &amp; Kamares<\/td><td>22840 33333<\/td><\/tr><tr><td>1o Moto car rental &#8211; Kamares<\/td><td>22840 33791<\/td><\/tr><tr><td>Podotas Group &#8211; Kamares<\/td><td>22840 33081 33973<\/td><\/tr><tr><td>Sifnos Travel &#8211; Kamares<\/td><td>22840 33383<\/td><\/tr><tr><td>Giannis \u2013 Apollonia<\/td><td>22840 31155<\/td><\/tr><tr><td>Sifano &#8211; Kamares<\/td><td>22840 33044<\/td><\/tr><tr><td>Chrisopigi Travel &#8211; Platis Gialos<\/td><td>22840 71523-71463<\/td><\/tr><tr><td>Sun Trail &#8211; Kamares<\/td><td>22840 33044<\/td><\/tr><tr><td>RAC- Kamares<\/td><td>22840 35170<\/td><\/tr><tr><td>Sifnos Drive &#8211; Apollonia<\/td><td>22840 31111<\/td><\/tr><\/tbody><\/table><\/figure>\n","protected":false},"excerpt":{"rendered":"<p>Maison Psacharopoulos Noblesse du pass\u00e9 Sifnos \u2013 Cyclades \u2013 Greece Sifnos: Num\u00e9ros de t\u00e9l\u00e9phone utiles Informations T\u00e9l\u00e9phone Municipalit\u00e9 de Sifnos 22843 60310 Bureau d\u2019Informations 22840 33661-31977 Centre de services administratifs aux citoyen 22840 31006-31234 Commissariat de Police 22840 31210 Capitainerie du Port 22840 33617 Refuge de p\u00e9che de Platis Gialos 22840 71365 Poste 22840 31329 &hellip; <\/p>\n<p class=\"link-more\"><a href=\"https:\/\/sifnos-artemonas.com\/fr\/phones\/\" class=\"more-link\">Continue reading<span class=\"screen-reader-text\"> &#8220;Num\u00e9ros de t\u00e9l\u00e9phone utiles&#8221;<\/span><\/a><\/p>\n","protected":false},"author":1,"featured_media":0,"parent":0,"menu_order":0,"comment_status":"closed","ping_status":"closed","template":"","meta":{"ngg_post_thumbnail":0,"footnotes":""},"class_list":["post-2896","page","type-page","status-publish","hentry"],"translation":{"provider":"WPGlobus","version":"3.0.2","language":"fr","enabled_languages":["gb","fr","gr"],"languages":{"gb":{"title":true,"content":true,"excerpt":false},"fr":{"title":true,"content":true,"excerpt":false},"gr":{"title":true,"content":true,"excerpt":false}}},"_links":{"self":[{"href":"https:\/\/sifnos-artemonas.com\/fr\/wp-json\/wp\/v2\/pages\/2896","targetHints":{"allow":["GET"]}}],"collection":[{"href":"https:\/\/sifnos-artemonas.com\/fr\/wp-json\/wp\/v2\/pages"}],"about":[{"href":"https:\/\/sifnos-artemonas.com\/fr\/wp-json\/wp\/v2\/types\/page"}],"author":[{"embeddable":true,"href":"https:\/\/sifnos-artemonas.com\/fr\/wp-json\/wp\/v2\/users\/1"}],"replies":[{"embeddable":true,"href":"https:\/\/sifnos-artemonas.com\/fr\/wp-json\/wp\/v2\/comments?post=2896"}],"version-history":[{"count":26,"href":"https:\/\/sifnos-artemonas.com\/fr\/wp-json\/wp\/v2\/pages\/2896\/revisions"}],"predecessor-version":[{"id":2937,"href":"https:\/\/sifnos-artemonas.com\/fr\/wp-json\/wp\/v2\/pages\/2896\/revisions\/2937"}],"wp:attachment":[{"href":"https:\/\/sifnos-artemonas.com\/fr\/wp-json\/wp\/v2\/media?parent=2896"}],"curies":[{"name":"wp","href":"https:\/\/api.w.org\/{rel}","templated":true}]}}