{"id":69,"date":"2017-11-01T22:31:47","date_gmt":"2017-11-01T19:31:47","guid":{"rendered":"http:\/\/hellinomnimon.phs.uoa.gr\/sifnoswp\/?page_id=69"},"modified":"2023-11-20T16:49:30","modified_gmt":"2023-11-20T14:49:30","slug":"the-main-house","status":"publish","type":"page","link":"https:\/\/sifnos-artemonas.com\/fr\/the-main-house\/","title":{"rendered":"LA MAISON"},"content":{"rendered":"<p style=\"text-align: justify;\">La r\u00e9sidence Psaharopoulos, un \u00e9difice n\u00e9oclassique <span style=\"color: #7d7d99;\"><em>b\u00e2ti dans la seconde moiti\u00e9 du 19\u00e8me si\u00e8cle<\/em><\/span>, se trouve \u00e0 Artemonas, Sifnos, dans les Cyclades.<\/p>\n<p style=\"text-align: justify;\">\u00c0 la lisi\u00e8re du village traditionnel, entour\u00e9e <span style=\"color: #7d7d99;\"><em>d&#8217;une propri\u00e9t\u00e9 de 1.500 m\u00e8tres carr\u00e9s<\/em><\/span>, divis\u00e9e en plusieurs cours et jardins, cette maison \u00e0 deux \u00e9tages allie le charme et caract\u00e8re particulier du si\u00e8cle pass\u00e9 \u00e0 des conforts modernes.<\/p>\n<p><span style=\"color: #7d7d99;\"><em>Peut accueillir 8 \u00e0 9 personnes.<\/em><\/span><em><span style=\"color: #7d7d99;\"> &nbsp;<\/span><\/em><\/p>\n\n\n<div class=\"wp-block-buttons is-layout-flex wp-block-buttons-is-layout-flex\">\n<div class=\"wp-block-button has-custom-width wp-block-button__width-50 is-style-fill\"><a class=\"wp-block-button__link has-background wp-element-button\" href=\"https:\/\/sifnos-artemonas.com\/fr\/the-main-house\/lay-out\/\" style=\"background-color:#7d7d99\" target=\"_blank\" rel=\"noreferrer noopener\">Agencement la maison<\/a><\/div>\n\n\n\n<div class=\"wp-block-button has-custom-width wp-block-button__width-50\"><a class=\"wp-block-button__link has-background wp-element-button\" href=\"https:\/\/sifnos-artemonas.com\/fr\/the-main-house\/facilities\/\" style=\"background-color:#7d7d99\" target=\"_blank\" rel=\"noreferrer noopener\">Facilities la maison<\/a><\/div>\n<\/div>\n\n\n\n<p><\/p><script src=\"https:\/\/www.bookingmood.com\/js\/embed.js\"><\/script>\n<div data-bm=\"calendar\/7506781d-dd1e-45a8-8e6f-17104ccd9963\" data-bm-layout=\"popup\" data-bm-label=\"Disponibilite la maison\" data-bm-background-color=\"#7d7d99\" data-bm-color=\"#fff\" data-bm-width=\"#50\" class=\"wp-bookingmood-widget\"><\/div>\n","protected":false},"excerpt":{"rendered":"<p>La r\u00e9sidence Psaharopoulos, un \u00e9difice n\u00e9oclassique b\u00e2ti dans la seconde moiti\u00e9 du 19\u00e8me si\u00e8cle, se trouve \u00e0 Artemonas, Sifnos, dans les Cyclades. \u00c0 la lisi\u00e8re du village traditionnel, entour\u00e9e d&#8217;une propri\u00e9t\u00e9 de 1.500 m\u00e8tres carr\u00e9s, divis\u00e9e en plusieurs cours et jardins, cette maison \u00e0 deux \u00e9tages allie le charme et caract\u00e8re particulier du si\u00e8cle pass\u00e9 &hellip; <\/p>\n<p class=\"link-more\"><a href=\"https:\/\/sifnos-artemonas.com\/fr\/the-main-house\/\" class=\"more-link\">Continue reading<span class=\"screen-reader-text\"> &#8220;LA MAISON&#8221;<\/span><\/a><\/p>\n","protected":false},"author":1,"featured_media":956,"parent":0,"menu_order":0,"comment_status":"closed","ping_status":"closed","template":"","meta":{"ngg_post_thumbnail":0,"footnotes":""},"class_list":["post-69","page","type-page","status-publish","has-post-thumbnail","hentry"],"translation":{"provider":"WPGlobus","version":"3.0.2","language":"fr","enabled_languages":["gb","fr","gr"],"languages":{"gb":{"title":true,"content":true,"excerpt":false},"fr":{"title":true,"content":true,"excerpt":false},"gr":{"title":true,"content":true,"excerpt":false}}},"_links":{"self":[{"href":"https:\/\/sifnos-artemonas.com\/fr\/wp-json\/wp\/v2\/pages\/69","targetHints":{"allow":["GET"]}}],"collection":[{"href":"https:\/\/sifnos-artemonas.com\/fr\/wp-json\/wp\/v2\/pages"}],"about":[{"href":"https:\/\/sifnos-artemonas.com\/fr\/wp-json\/wp\/v2\/types\/page"}],"author":[{"embeddable":true,"href":"https:\/\/sifnos-artemonas.com\/fr\/wp-json\/wp\/v2\/users\/1"}],"replies":[{"embeddable":true,"href":"https:\/\/sifnos-artemonas.com\/fr\/wp-json\/wp\/v2\/comments?post=69"}],"version-history":[{"count":72,"href":"https:\/\/sifnos-artemonas.com\/fr\/wp-json\/wp\/v2\/pages\/69\/revisions"}],"predecessor-version":[{"id":2614,"href":"https:\/\/sifnos-artemonas.com\/fr\/wp-json\/wp\/v2\/pages\/69\/revisions\/2614"}],"wp:featuredmedia":[{"embeddable":true,"href":"https:\/\/sifnos-artemonas.com\/fr\/wp-json\/wp\/v2\/media\/956"}],"wp:attachment":[{"href":"https:\/\/sifnos-artemonas.com\/fr\/wp-json\/wp\/v2\/media?parent=69"}],"curies":[{"name":"wp","href":"https:\/\/api.w.org\/{rel}","templated":true}]}}