{"id":7,"date":"2017-10-31T13:17:31","date_gmt":"2017-10-31T10:17:31","guid":{"rendered":"http:\/\/hellinomnimon.phs.uoa.gr\/sifnoswp\/?page_id=7"},"modified":"2025-12-16T20:32:02","modified_gmt":"2025-12-16T18:32:02","slug":"home","status":"publish","type":"page","link":"https:\/\/sifnos-artemonas.com\/fr\/","title":{"rendered":"PAGE D&#8217; ACCEUIL"},"content":{"rendered":"<div class=\"wp-block-image\">\n<figure class=\"alignright size-full is-resized\"><img loading=\"lazy\" decoding=\"async\" width=\"768\" height=\"565\" src=\"https:\/\/sifnos-artemonas.com\/wp-content\/uploads\/2025\/12\/Logo-PS-with-signature.jpg\" alt=\"\" class=\"wp-image-3206\" style=\"aspect-ratio:1.359342009895062;width:240px;height:auto\" srcset=\"https:\/\/sifnos-artemonas.com\/wp-content\/uploads\/2025\/12\/Logo-PS-with-signature.jpg 768w, https:\/\/sifnos-artemonas.com\/wp-content\/uploads\/2025\/12\/Logo-PS-with-signature-300x221.jpg 300w\" sizes=\"auto, (max-width: 767px) 89vw, (max-width: 1000px) 54vw, (max-width: 1071px) 543px, 580px\" \/><\/figure>\n<\/div>\n\n\n<p><em><span style=\"color: #7d7d99;\">La R\u00e9sidence Psacharopoulos<br><\/span><\/em><br><em><span style=\"color: #7d7d99;\">Un petit paradis cach\u00e9 \u00e0 5 minutes de la place centrale d&#8217; Artemonas.<\/span><\/em><\/p>\n\n\n\n<p>La r\u00e9sidence Psacharopoulos \u00e0 deux \u00e9tages est un des rares \u00e9difices n\u00e9o classiques de l&#8217;\u00eele et se trouve dans le village traditionnel d&#8217; Artemonas, entour\u00e9e de vastes jardins et de cours pleines de fra\u00eecheur. Elle peut h\u00e9berger une \u00e0 deux familles ou un groupe <em><span style=\"color: #7d7d99;\">de 8 \u00e0 9 personnes.<\/span><\/em><\/p>\n\n\n\n<p>La famille Psacharopoulos poss\u00e9dait une compagnie de bateaux \u00e0 vapeur naviguant deTrieste \u00e0 Odessa. La r\u00e9sidence fut construite par des ouvriers locaux et des techniciens \u00e9trangers vers la fin du 19\u00e8me si\u00e8cle. C&#8217;est un example sp\u00e9cial du style n\u00e9o classique incorporant des \u00e9l\u00e9ments d&#8217;architecture traditionnelle \u00c9g\u00e9enne qui a souvent \u00e9t\u00e9 l&#8217;objet d&#8217;\u00e9tudes de la part d&#8217;\u00e9tudiants d&#8217;architecture d&#8217;universit\u00e9s \u00e9trang\u00e8res.<\/p>\n\n\n\n<p>En plus des membres de la famille qui convergent de plusieurs parties du monde, la maison a aussi h\u00e9berg\u00e9 et inspir\u00e9 des personnalit\u00e9s des arts et des lettres, \u00e9crivains, metteurs en sc\u00e8ne, musiciens, professeurs, chercheurs.<\/p>\n\n\n\n<p>Faisant partie de la m\u00eame propri\u00e9t\u00e9, <em><span style=\"color: #7d7d99;\">la &#8220;Presse \u00e0 Vin&#8221; a \u00e9t\u00e9 restaur\u00e9e en 2016.<\/span><\/em> C&#8217;est une habitation lumineuse et sobre qui dans le temps servait \u00e0 pr\u00e9parer le vin. \u00c0 pr\u00e9sent elle a deux niveaux et peut h\u00e9berger <em><span style=\"color: #7d7d99;\">2 \u00e0 4 personnes,<\/span><\/em> avec un lit double au rez-de-chauss\u00e9e et deux lits jumeaux \u00e0 la mezzanine.<\/p>\n\n\n\n<p><em><span style=\"color: #7d7d99;\">La R\u00e9sidence et la Presse \u00e0 Vin sont deux&nbsp;<span style=\"text-decoration: underline;\">self catering<\/span> habitations s\u00e9par\u00e9es qui peuvent \u00eatre lou\u00e9es ensemble ou s\u00e9par\u00e9ment.<\/span><\/em><\/p>\n\n\n\n<p>\u00c0 partir des jardins aux herbes aromatiques, aux grands pins et aux oliviers, la place d&#8217; Artemonas avec ses caf\u00e9s et tavernes n&#8217;est qu&#8217;\u00e0 5 minutes \u00e0 pied le long de ruelles pittoresques.<\/p>\n\n\n\n<p>Tout autour de la maison se trouvent les points de d\u00e9part de plusieurs sentiers menant \u00e0 des endroits uniques par des parcours d&#8217;une beaut\u00e9 exceptionnelle.<\/p>\n\n\n\n<p>Le chef lieu de l&#8217;\u00eele, Apollonia, se trouve \u00e0 10 minutes \u00e0 pied et \u00e0 moins d&#8217;un kilom\u00e8tre en voiture. Les plages de Sifnos, comme Platys Yalos, Chrysopigi, Vathy et Faros, bien connues pour leur mer azure et transparente, sont \u00e0 un quart d&#8217;heure en voiture.<\/p>\n\n\n\n<p><em><span style=\"color: #7d7d99;\">Pourquoi choisir la R\u00e9sidence Psacharopoulos?<br><\/span><\/em>Une maison qui pr\u00e9serve l&#8217;atmosph\u00e8re d&#8217;une autre \u00e9poque et en m\u00eame temps permet de se livrer \u00e0 la lumi\u00e8re et l&#8217;horizon lointain. Salon, salle \u00e0 manger et cuisine sont<br>larges et accueillantes, id\u00e9ales pour rigoler, bavarder et cuisiner, les plafonds sont hauts, il y a aussi des coins pour s&#8217;isoler et lire. Les fen\u00eatres offrent des vues diff\u00e9rentes sur la mer, l&#8217;\u00eele, les cours et le jardin avec ses pins centenaires, ses oliviers, ses roseaux, ses buissons aromatiques et un jardin potager.<\/p>\n\n\n\n<p><em><span style=\"color: #7d7d99;\">Organisation Hell\u00e9nique de Tourisme<br><\/span><\/em>1172K10000941501<\/p>\n","protected":false},"excerpt":{"rendered":"<p>La R\u00e9sidence PsacharopoulosUn petit paradis cach\u00e9 \u00e0 5 minutes de la place centrale d&#8217; Artemonas. La r\u00e9sidence Psacharopoulos \u00e0 deux \u00e9tages est un des rares \u00e9difices n\u00e9o classiques de l&#8217;\u00eele et se trouve dans le village traditionnel d&#8217; Artemonas, entour\u00e9e de vastes jardins et de cours pleines de fra\u00eecheur. Elle peut h\u00e9berger une \u00e0 deux &hellip; <\/p>\n<p class=\"link-more\"><a href=\"https:\/\/sifnos-artemonas.com\/fr\/\" class=\"more-link\">Continue reading<span class=\"screen-reader-text\"> &#8220;PAGE D&#8217; ACCEUIL&#8221;<\/span><\/a><\/p>\n","protected":false},"author":1,"featured_media":1703,"parent":0,"menu_order":0,"comment_status":"closed","ping_status":"closed","template":"","meta":{"ngg_post_thumbnail":0,"footnotes":""},"class_list":["post-7","page","type-page","status-publish","has-post-thumbnail","hentry"],"translation":{"provider":"WPGlobus","version":"3.0.2","language":"fr","enabled_languages":["gb","fr","gr"],"languages":{"gb":{"title":true,"content":true,"excerpt":false},"fr":{"title":true,"content":true,"excerpt":false},"gr":{"title":true,"content":true,"excerpt":false}}},"_links":{"self":[{"href":"https:\/\/sifnos-artemonas.com\/fr\/wp-json\/wp\/v2\/pages\/7","targetHints":{"allow":["GET"]}}],"collection":[{"href":"https:\/\/sifnos-artemonas.com\/fr\/wp-json\/wp\/v2\/pages"}],"about":[{"href":"https:\/\/sifnos-artemonas.com\/fr\/wp-json\/wp\/v2\/types\/page"}],"author":[{"embeddable":true,"href":"https:\/\/sifnos-artemonas.com\/fr\/wp-json\/wp\/v2\/users\/1"}],"replies":[{"embeddable":true,"href":"https:\/\/sifnos-artemonas.com\/fr\/wp-json\/wp\/v2\/comments?post=7"}],"version-history":[{"count":79,"href":"https:\/\/sifnos-artemonas.com\/fr\/wp-json\/wp\/v2\/pages\/7\/revisions"}],"predecessor-version":[{"id":3213,"href":"https:\/\/sifnos-artemonas.com\/fr\/wp-json\/wp\/v2\/pages\/7\/revisions\/3213"}],"wp:featuredmedia":[{"embeddable":true,"href":"https:\/\/sifnos-artemonas.com\/fr\/wp-json\/wp\/v2\/media\/1703"}],"wp:attachment":[{"href":"https:\/\/sifnos-artemonas.com\/fr\/wp-json\/wp\/v2\/media?parent=7"}],"curies":[{"name":"wp","href":"https:\/\/api.w.org\/{rel}","templated":true}]}}