{"id":72,"date":"2017-11-01T22:32:15","date_gmt":"2017-11-01T19:32:15","guid":{"rendered":"http:\/\/hellinomnimon.phs.uoa.gr\/sifnoswp\/?page_id=72"},"modified":"2025-12-16T20:35:58","modified_gmt":"2025-12-16T18:35:58","slug":"the-wine-press","status":"publish","type":"page","link":"https:\/\/sifnos-artemonas.com\/fr\/the-wine-press\/","title":{"rendered":"LA PRESS A VIN"},"content":{"rendered":"<p style=\"text-align: justify;\"><span style=\"color: #7d7d99;\"><em>Une habitation lumineuse, autonome, enti\u00e8rement \u00e9quip\u00e9e,<\/em><\/span> situ\u00e9e dans le village traditionnel d&#8217; Artemonas, Sifnos, aux Cyclades.<\/p>\n<p style=\"text-align: justify;\">La <span style=\"color: #7d7d99;\"><em>vue<\/em><\/span> donne sur toute l&#8217;\u00eele et la mer. La maison dispose aussi d&#8217;un beau <span style=\"color: #7d7d99;\"><em>jardin aux pins centenaires.<\/em><\/span><\/p>\n<p style=\"text-align: justify;\"><span style=\"color: #7d7d99;\"><em>Peut accueillir 2 \u00e0 4 personnes.<\/em><\/span><\/p>\n\n\n<div class=\"wp-block-buttons is-layout-flex wp-block-buttons-is-layout-flex\">\n<div class=\"wp-block-button has-custom-width wp-block-button__width-50 is-style-fill\"><a class=\"wp-block-button__link has-background wp-element-button\" href=\"https:\/\/sifnos-artemonas.com\/fr\/the-wine-press\/layout_quest\/\" style=\"background-color:#7d7d99\" target=\"_blank\" rel=\"noreferrer noopener\"><em>Agencement la presse a vin<\/em><\/a><\/div>\n\n\n\n<div class=\"wp-block-button has-custom-width wp-block-button__width-50\"><a class=\"wp-block-button__link has-background wp-element-button\" href=\"https:\/\/sifnos-artemonas.com\/fr\/the-wine-press\/facilitiesguest\/\" style=\"background-color:#7d7d99\" target=\"_blank\" rel=\"noreferrer noopener\"><strong><em>Facilities la presse a vin<\/em><\/strong><\/a><\/div>\n<\/div>\n\n\n\n<p><\/p><script src=\"https:\/\/www.bookingmood.com\/js\/embed.js\"><\/script>\n<div data-bm=\"calendar\/9d5c6a4f-14ac-4d38-aba7-0c7cb5f63ca1\" data-bm-layout=\"popup\" data-bm-label=\"Disponibilite la presse a vin\" data-bm-background-color=\"#7d7d99\" data-bm-color=\"#fff\" data-bm-width=\"#50\" class=\"wp-bookingmood-widget\"><\/div>\n","protected":false},"excerpt":{"rendered":"<p>Une habitation lumineuse, autonome, enti\u00e8rement \u00e9quip\u00e9e, situ\u00e9e dans le village traditionnel d&#8217; Artemonas, Sifnos, aux Cyclades. La vue donne sur toute l&#8217;\u00eele et la mer. La maison dispose aussi d&#8217;un beau jardin aux pins centenaires. Peut accueillir 2 \u00e0 4 personnes.<\/p>\n","protected":false},"author":1,"featured_media":85,"parent":0,"menu_order":0,"comment_status":"closed","ping_status":"closed","template":"","meta":{"ngg_post_thumbnail":0,"footnotes":""},"class_list":["post-72","page","type-page","status-publish","has-post-thumbnail","hentry"],"translation":{"provider":"WPGlobus","version":"3.0.2","language":"fr","enabled_languages":["gb","fr","gr"],"languages":{"gb":{"title":true,"content":true,"excerpt":false},"fr":{"title":true,"content":true,"excerpt":false},"gr":{"title":true,"content":true,"excerpt":false}}},"_links":{"self":[{"href":"https:\/\/sifnos-artemonas.com\/fr\/wp-json\/wp\/v2\/pages\/72","targetHints":{"allow":["GET"]}}],"collection":[{"href":"https:\/\/sifnos-artemonas.com\/fr\/wp-json\/wp\/v2\/pages"}],"about":[{"href":"https:\/\/sifnos-artemonas.com\/fr\/wp-json\/wp\/v2\/types\/page"}],"author":[{"embeddable":true,"href":"https:\/\/sifnos-artemonas.com\/fr\/wp-json\/wp\/v2\/users\/1"}],"replies":[{"embeddable":true,"href":"https:\/\/sifnos-artemonas.com\/fr\/wp-json\/wp\/v2\/comments?post=72"}],"version-history":[{"count":103,"href":"https:\/\/sifnos-artemonas.com\/fr\/wp-json\/wp\/v2\/pages\/72\/revisions"}],"predecessor-version":[{"id":3220,"href":"https:\/\/sifnos-artemonas.com\/fr\/wp-json\/wp\/v2\/pages\/72\/revisions\/3220"}],"wp:featuredmedia":[{"embeddable":true,"href":"https:\/\/sifnos-artemonas.com\/fr\/wp-json\/wp\/v2\/media\/85"}],"wp:attachment":[{"href":"https:\/\/sifnos-artemonas.com\/fr\/wp-json\/wp\/v2\/media?parent=72"}],"curies":[{"name":"wp","href":"https:\/\/api.w.org\/{rel}","templated":true}]}}