{"id":75,"date":"2017-11-01T22:32:48","date_gmt":"2017-11-01T19:32:48","guid":{"rendered":"http:\/\/hellinomnimon.phs.uoa.gr\/sifnoswp\/?page_id=75"},"modified":"2025-11-24T23:57:13","modified_gmt":"2025-11-24T21:57:13","slug":"lay-out","status":"publish","type":"page","link":"https:\/\/sifnos-artemonas.com\/fr\/the-main-house\/lay-out\/","title":{"rendered":"AGENCEMENT la maison"},"content":{"rendered":"<h6 style=\"text-align: left;\"><em><small><span style=\"color: #7d7d99;\"><a style=\"color: #7d7d99;\" title=\"click pour ouvrir le plan de la maison\" href=\"https:\/\/sifnos-artemonas.com\/wp-content\/uploads\/2018\/01\/GroundFloorPlan.jpg\" target=\"_blank\" rel=\"noopener\">REZ DE CHAUSSEE<\/a><\/span><\/small><\/em><\/h6>\n<figure id=\"attachment_133\" aria-describedby=\"caption-attachment-133\" style=\"width: 800px\" class=\"wp-caption alignnone\"><a href=\"https:\/\/sifnos-artemonas.com\/photo-galleries\/nggallery\/allgalleries\/kitchen-dining-room\"><img loading=\"lazy\" decoding=\"async\" class=\"wp-image-133\" title=\"click sur la photo pour ouvrir toutes les photos\" src=\"https:\/\/sifnos-artemonas.com\/wp-content\/uploads\/2017\/11\/KithDPP_0587-1024x683.jpg\" alt=\"\" width=\"800\" height=\"533\" srcset=\"https:\/\/sifnos-artemonas.com\/wp-content\/uploads\/2017\/11\/KithDPP_0587-1024x683.jpg 1024w, https:\/\/sifnos-artemonas.com\/wp-content\/uploads\/2017\/11\/KithDPP_0587-300x200.jpg 300w, https:\/\/sifnos-artemonas.com\/wp-content\/uploads\/2017\/11\/KithDPP_0587-768x512.jpg 768w, https:\/\/sifnos-artemonas.com\/wp-content\/uploads\/2017\/11\/KithDPP_0587-600x400.jpg 600w, https:\/\/sifnos-artemonas.com\/wp-content\/uploads\/2017\/11\/KithDPP_0587-200x133.jpg 200w, https:\/\/sifnos-artemonas.com\/wp-content\/uploads\/2017\/11\/KithDPP_0587.jpg 1920w\" sizes=\"auto, (max-width: 767px) 89vw, (max-width: 1000px) 54vw, (max-width: 1071px) 543px, 580px\" \/><\/a><figcaption id=\"caption-attachment-133\" class=\"wp-caption-text\">click sur la photo pour ouvrir toutes les photos<\/figcaption><\/figure>\n<p style=\"text-align: left;\"><em><span style=\"color: #7d7d99;\">\u2666 salle \u00e0 manger&nbsp; &nbsp;\u2666 cuisine&nbsp; &nbsp;\u2666 casier \u00e0 vin&nbsp; &nbsp;\u2666 2 salles de bain et 1 WC<\/span><\/em>&nbsp;<\/p>\n<p style=\"text-align: justify;\">Au <em><span style=\"color: #7d7d99;\">rez-de-chauss\u00e9e<\/span><\/em>, une large <span style=\"color: #7d7d99;\"><em>salle \u00e0 manger<\/em><\/span> et <em><span style=\"color: #7d7d99;\">la cuisine<\/span><\/em> au caract\u00e8re sp\u00e9cial pour cuisiner, bavarder, m\u00eame lire avec vue sur l&#8217;\u00eele. Elle dispose d&#8217;un \u00e9quipement moderne complet, mais conserve son style traditionnel avec ses poutres en bois et la chemin\u00e9e typique de Sifnos, la<em><span style=\"color: #7d7d99;\"> &#8220;panostria&#8221;.<\/span><\/em><\/p>\n<p style=\"text-align: justify;\">Au <em><span style=\"color: #7d7d99;\">m\u00eame niveau<\/span><\/em>, <em><span style=\"color: #7d7d99;\">le casier \u00e0 vin<\/span><\/em> qui pr\u00e9servait une petite collection de vins \u00e0 la temp\u00e9rature et humidit\u00e9 requises, ainsi que <em><span style=\"color: #7d7d99;\">les salles de bain<\/span><\/em><\/p>\n<p>Un impressionnant double escalier en bois m\u00e8ne au premier \u00e9tage.<\/p>\n<h6 align=\"left\"><span style=\"color: #7d7d99;\"><em><a class=\"customize-unpreviewable\" style=\"color: #7d7d99;\" title=\"click pour ouvrir le plan de la maison\" href=\"https:\/\/sifnos-artemonas.com\/wp-content\/uploads\/2018\/01\/FirstFloorPlan.jpg\" target=\"_blank\" rel=\"noopener\"><small>1ER \u00c9TAGE<\/small><\/a><\/em><\/span><\/h6>\n<figure id=\"attachment_959\" aria-describedby=\"caption-attachment-959\" style=\"width: 1920px\" class=\"wp-caption alignnone\"><a href=\"https:\/\/sifnos-artemonas.com\/photo-galleries\/nggallery\/allgalleries\/Bedrooms\"><img loading=\"lazy\" decoding=\"async\" class=\"wp-image-959 size-full\" title=\"click sur la photo pour ouvrir toutes les photos\" src=\"https:\/\/sifnos-artemonas.com\/wp-content\/uploads\/2017\/11\/Bed2DPP_0578-1.jpg\" alt=\"Bedrooms gallery\" width=\"1920\" height=\"1280\" srcset=\"https:\/\/sifnos-artemonas.com\/wp-content\/uploads\/2017\/11\/Bed2DPP_0578-1.jpg 1920w, https:\/\/sifnos-artemonas.com\/wp-content\/uploads\/2017\/11\/Bed2DPP_0578-1-300x200.jpg 300w, https:\/\/sifnos-artemonas.com\/wp-content\/uploads\/2017\/11\/Bed2DPP_0578-1-768x512.jpg 768w, https:\/\/sifnos-artemonas.com\/wp-content\/uploads\/2017\/11\/Bed2DPP_0578-1-1024x683.jpg 1024w\" sizes=\"auto, (max-width: 767px) 89vw, (max-width: 1000px) 54vw, (max-width: 1071px) 543px, 580px\" \/><\/a><figcaption id=\"caption-attachment-959\" class=\"wp-caption-text\">click sur la photo pour ouvrir toutes les photos<\/figcaption><\/figure>\n<p style=\"text-align: justify;\"><span style=\"color: #7d7d99;\"><em>Il y a 5 chambres \u00e0 coucher: \u2666 deux avec lits doubles&nbsp; &nbsp;\u2666 une avec un lit semi-double&nbsp; &nbsp;\u2666&nbsp; une avec lits jumeaux<span style=\"font-size: 1rem;\">&nbsp; &nbsp;<\/span><span style=\"font-size: 1rem;\">\u2666 une avec un semi-double et une chambre pour un lit ou un berceau ou un deuxi\u00e8me lit simple&nbsp;<\/span><span style=\"font-size: 1rem;\">(apres demande ) &nbsp;&nbsp;<\/span><span style=\"font-size: 1rem;\">\u2666&nbsp;<\/span><span style=\"font-size: 1rem;\">salon&nbsp; &nbsp;<\/span><span style=\"font-size: 1rem;\">\u2666 bureau<\/span><\/em><\/span><\/p>\n<p style=\"text-align: justify;\">Tout le premier \u00e9tage \u00e0 des plafonds hauts et des grandes fen\u00eatres. Les arches des fen\u00eatres et des portes ont \u00e9t\u00e9 construites par des techniciens italiens. De larges planches en pin de la mer Baltique couvrent le plancher.<\/p>\n<p style=\"text-align: justify;\"><span style=\"color: #7d7d99;\"><em>Dans le salon, tr\u00e8s lumineux avec vue panoramique,<\/em><\/span> les vieux meubles \u00e9l\u00e9gants de la famille coexistent avec les comforts modernes. Le salon est id\u00e9al pour des bavardages sans fin, pour lire ou pour jeux de table. Le bureau est un endroit o\u00f9 on peut s&#8217;isoler pour travailler, avec vue sur Antiparos, Despotiko et le jardin.<\/p>\n<h6 style=\"text-align: left;\" align=\"left\"><span style=\"color: #7d7d99;\"><em><a style=\"color: #7d7d99;\" title=\"click pour ouvrir le plan de la propri\u00e9t\u00e9\" href=\"https:\/\/sifnos-artemonas.com\/wp-content\/uploads\/2018\/01\/GeneralPlan.jpg\" target=\"_blank\" rel=\"noopener\"><small>OUTDOOR AREA<\/small><\/a><\/em><\/span><\/h6>\n<figure id=\"attachment_960\" aria-describedby=\"caption-attachment-960\" style=\"width: 1920px\" class=\"wp-caption alignnone\"><a href=\"https:\/\/sifnos-artemonas.com\/photo-galleries\/nggallery\/allgalleries\/outdoor-areas\"><img loading=\"lazy\" decoding=\"async\" class=\"wp-image-960 size-full\" title=\"click sur la photo pour ouvrir toutes les photos\" src=\"https:\/\/sifnos-artemonas.com\/wp-content\/uploads\/2017\/11\/ViewDPP_0226.jpg\" alt=\"\" width=\"1920\" height=\"1280\" srcset=\"https:\/\/sifnos-artemonas.com\/wp-content\/uploads\/2017\/11\/ViewDPP_0226.jpg 1920w, https:\/\/sifnos-artemonas.com\/wp-content\/uploads\/2017\/11\/ViewDPP_0226-300x200.jpg 300w, https:\/\/sifnos-artemonas.com\/wp-content\/uploads\/2017\/11\/ViewDPP_0226-768x512.jpg 768w, https:\/\/sifnos-artemonas.com\/wp-content\/uploads\/2017\/11\/ViewDPP_0226-1024x683.jpg 1024w\" sizes=\"auto, (max-width: 767px) 89vw, (max-width: 1000px) 54vw, (max-width: 1071px) 543px, 580px\" \/><\/a><figcaption id=\"caption-attachment-960\" class=\"wp-caption-text\">click sur la photo pour ouvrir toutes les photos<\/figcaption><\/figure>\n<p style=\"text-align: justify;\"><span style=\"color: #7d7d99;\"><em>\u2666 cours et verandas<span id=\"result_box\" class=\"short_text\" lang=\"en\"><span class=\"alt-edited\">&nbsp; &nbsp;\u2666 bbq&nbsp; &nbsp;\u2666&nbsp;<\/span><\/span>barbeque on the terrace&nbsp; \u2666 fleurs et plantes de la M\u00e9diterran\u00e9e, hauts pins qui offrent la fra\u00eecheur de leur ombre<span style=\"font-size: 1rem;\">&nbsp;&nbsp;\u2666 petit jardin potager avec l\u00e9gumes de saison pour cuisiner.<\/span><\/em><\/span><\/p>\n<p style=\"text-align: justify;\">Autour de la maison il y <em><span style=\"color: #7d7d99;\">a<\/span> <span style=\"color: #7d7d99;\">des jardins et des cours<\/span><\/em>&nbsp;<span style=\"font-size: 1rem;\">sur<\/span><span style=\"font-size: 1rem;\">&nbsp;<\/span><span style=\"font-size: 1rem;\">&nbsp;plusieurs niveaux, avec leur microclimat et leur caract\u00e8re particuliers. Ils offrent un refuge de fra\u00eecheur quant il fait chaud. Il y a aussi des hamacs et des si\u00e8ges comfortables pour se d\u00e9tendre et lire sous les pins, des coins charmants pour petit d\u00e9jeuner, caf\u00e9, d\u00e9jeuner \u00e0 l&#8217;ombre des arbres, d\u00eener sous le ciel \u00e9toil\u00e9.<\/span><\/p>\n<p class=\"auto-style7\" style=\"text-align: justify;\"><span style=\"color: #7d7d99;\"><em>\u00c0 chaque endroit, la vue est diff\u00e9rente et unique:<\/em><\/span> villages pittoresques, collines, petites chapelles er l&#8217;immensit\u00e9 de la mer \u00c9g\u00e9e, d\u00e9finie par le reste des Cyclades: Folegandros, Sikinos, Ios, Despotiko et Antiparos.<\/p>\n<p><span id=\"result_box\" class=\"short_text\" lang=\"en\"><span class=\"\">&nbsp;<\/span><\/span><\/p>\n\n\n<p><\/p><script src=\"https:\/\/www.bookingmood.com\/js\/embed.js\"><\/script>\n<div data-bm=\"calendar\/7506781d-dd1e-45a8-8e6f-17104ccd9963\" data-bm-layout=\"popup\" data-bm-label=\"Disponibilite la maison\" data-bm-background-color=\"#7d7d99\" data-bm-color=\"#fff\" data-bm-width=\"#50\" class=\"wp-bookingmood-widget\"><\/div>\n\n","protected":false},"excerpt":{"rendered":"<p>REZ DE CHAUSSEE \u2666 salle \u00e0 manger&nbsp; &nbsp;\u2666 cuisine&nbsp; &nbsp;\u2666 casier \u00e0 vin&nbsp; &nbsp;\u2666 2 salles de bain et 1 WC&nbsp; Au rez-de-chauss\u00e9e, une large salle \u00e0 manger et la cuisine au caract\u00e8re sp\u00e9cial pour cuisiner, bavarder, m\u00eame lire avec vue sur l&#8217;\u00eele. Elle dispose d&#8217;un \u00e9quipement moderne complet, mais conserve son style traditionnel avec &hellip; <\/p>\n<p class=\"link-more\"><a href=\"https:\/\/sifnos-artemonas.com\/fr\/the-main-house\/lay-out\/\" class=\"more-link\">Continue reading<span class=\"screen-reader-text\"> &#8220;AGENCEMENT la maison&#8221;<\/span><\/a><\/p>\n","protected":false},"author":1,"featured_media":1530,"parent":69,"menu_order":0,"comment_status":"closed","ping_status":"closed","template":"","meta":{"ngg_post_thumbnail":0,"footnotes":""},"class_list":["post-75","page","type-page","status-publish","has-post-thumbnail","hentry"],"translation":{"provider":"WPGlobus","version":"3.0.2","language":"fr","enabled_languages":["gb","fr","gr"],"languages":{"gb":{"title":true,"content":true,"excerpt":false},"fr":{"title":true,"content":true,"excerpt":false},"gr":{"title":true,"content":true,"excerpt":false}}},"_links":{"self":[{"href":"https:\/\/sifnos-artemonas.com\/fr\/wp-json\/wp\/v2\/pages\/75","targetHints":{"allow":["GET"]}}],"collection":[{"href":"https:\/\/sifnos-artemonas.com\/fr\/wp-json\/wp\/v2\/pages"}],"about":[{"href":"https:\/\/sifnos-artemonas.com\/fr\/wp-json\/wp\/v2\/types\/page"}],"author":[{"embeddable":true,"href":"https:\/\/sifnos-artemonas.com\/fr\/wp-json\/wp\/v2\/users\/1"}],"replies":[{"embeddable":true,"href":"https:\/\/sifnos-artemonas.com\/fr\/wp-json\/wp\/v2\/comments?post=75"}],"version-history":[{"count":348,"href":"https:\/\/sifnos-artemonas.com\/fr\/wp-json\/wp\/v2\/pages\/75\/revisions"}],"predecessor-version":[{"id":3050,"href":"https:\/\/sifnos-artemonas.com\/fr\/wp-json\/wp\/v2\/pages\/75\/revisions\/3050"}],"up":[{"embeddable":true,"href":"https:\/\/sifnos-artemonas.com\/fr\/wp-json\/wp\/v2\/pages\/69"}],"wp:featuredmedia":[{"embeddable":true,"href":"https:\/\/sifnos-artemonas.com\/fr\/wp-json\/wp\/v2\/media\/1530"}],"wp:attachment":[{"href":"https:\/\/sifnos-artemonas.com\/fr\/wp-json\/wp\/v2\/media?parent=75"}],"curies":[{"name":"wp","href":"https:\/\/api.w.org\/{rel}","templated":true}]}}