{"id":78,"date":"2017-11-01T22:33:24","date_gmt":"2017-11-01T19:33:24","guid":{"rendered":"http:\/\/hellinomnimon.phs.uoa.gr\/sifnoswp\/?page_id=78"},"modified":"2025-11-24T23:51:32","modified_gmt":"2025-11-24T21:51:32","slug":"facilities","status":"publish","type":"page","link":"https:\/\/sifnos-artemonas.com\/fr\/the-main-house\/facilities\/","title":{"rendered":"FONCTIONNALIT\u00c9S la maison"},"content":{"rendered":"<div id=\"1486551863241-070636e5-f922\" class=\"vc_tta-panel vc_active\">\n<div class=\"vc_tta-panel-body\">\n<h6><span style=\"color: #7d7d99;\"><small><em>CARACT\u00c9RISTIQUES INT\u00c9RIEURES<\/em><\/small><\/span><\/h6>\n<div class=\"wpb_text_column wpb_content_element \">\n<div class=\"wpb_wrapper\">\n<figure id=\"attachment_1222\" aria-describedby=\"caption-attachment-1222\" style=\"width: 1920px\" class=\"wp-caption alignnone\"><a href=\"https:\/\/sifnos-artemonas.com\/photo-galleries\/nggallery\/allgalleries\/living-study-rooms\"><img loading=\"lazy\" decoding=\"async\" class=\"wp-image-1222 size-full\" title=\"click sur la photo pour ouvrir toutes les photos\" src=\"https:\/\/sifnos-artemonas.com\/wp-content\/uploads\/2018\/01\/OffDPP_0585.jpg\" alt=\"\" width=\"1920\" height=\"1280\" srcset=\"https:\/\/sifnos-artemonas.com\/wp-content\/uploads\/2018\/01\/OffDPP_0585.jpg 1920w, https:\/\/sifnos-artemonas.com\/wp-content\/uploads\/2018\/01\/OffDPP_0585-300x200.jpg 300w, https:\/\/sifnos-artemonas.com\/wp-content\/uploads\/2018\/01\/OffDPP_0585-768x512.jpg 768w, https:\/\/sifnos-artemonas.com\/wp-content\/uploads\/2018\/01\/OffDPP_0585-1024x683.jpg 1024w\" sizes=\"auto, (max-width: 767px) 89vw, (max-width: 1000px) 54vw, (max-width: 1071px) 543px, 580px\" \/><\/a><figcaption id=\"caption-attachment-1222\" class=\"wp-caption-text\">click sur la photo pour ouvrir toutes les photos<\/figcaption><\/figure><\/p>\n<p style=\"text-align: justify;\"><em><span style=\"color: #7d7d99;\">\u2666 cuisine traditionnelle tout compris &nbsp; \u2666&nbsp; draps et serviettes \u2666 s\u00e8che cheveux \u2666 machine \u00e0 laver &nbsp;\u2666 fer \u00e0 repasser \/ planche \u00e0 repasser<span style=\"font-size: 1rem;\">&nbsp;&nbsp;<\/span>\u2666<span style=\"font-size: 1rem;\"> ADSL Internet&nbsp;&nbsp;\u2666 Wi-Fi&nbsp;\u2666 micro Hi-Fi&nbsp; \u2666 livres (Fran\u00e7ais, Anglais) \u2666 jeux de table&nbsp;\u2666 cartes de randonn\u00e9es<\/span><\/span><\/em><\/p>\n<\/div>\n<\/div>\n<div class=\"wpb_text_column wpb_content_element \">\n<div class=\"wpb_wrapper\">\n<h6><span style=\"color: #7d7d99;\"><small><em>CARACT\u00c9RISTIQUES EXT\u00c9RIEURES<\/em><\/small><\/span><\/h6>\n<p><figure id=\"attachment_1224\" aria-describedby=\"caption-attachment-1224\" style=\"width: 1920px\" class=\"wp-caption alignnone\"><a href=\"https:\/\/sifnos-artemonas.com\/photo-galleries\/nggallery\/allgalleries\/outdoor-areas\"><img loading=\"lazy\" decoding=\"async\" class=\"wp-image-1224 size-full\" title=\"click sur la photo pour ouvrir toutes les photos\" src=\"https:\/\/sifnos-artemonas.com\/wp-content\/uploads\/2018\/01\/YardDPP_0293.jpg\" alt=\"\" width=\"1920\" height=\"1280\" srcset=\"https:\/\/sifnos-artemonas.com\/wp-content\/uploads\/2018\/01\/YardDPP_0293.jpg 1920w, https:\/\/sifnos-artemonas.com\/wp-content\/uploads\/2018\/01\/YardDPP_0293-300x200.jpg 300w, https:\/\/sifnos-artemonas.com\/wp-content\/uploads\/2018\/01\/YardDPP_0293-768x512.jpg 768w, https:\/\/sifnos-artemonas.com\/wp-content\/uploads\/2018\/01\/YardDPP_0293-1024x683.jpg 1024w\" sizes=\"auto, (max-width: 767px) 89vw, (max-width: 1000px) 54vw, (max-width: 1071px) 543px, 580px\" \/><\/a><figcaption id=\"caption-attachment-1224\" class=\"wp-caption-text\">click sur la photo pour ouvrir toutes les photos<\/figcaption><\/figure>\n<\/div>\n<\/div>\n<div class=\"wpb_text_column wpb_content_element \">\n<div class=\"wpb_wrapper\">\n<p style=\"text-align: justify;\"><em><span style=\"color: #7d7d99;\">\u2666 meubles de jardin &nbsp;\u2666 hamacs \u2666 balan\u00e7oires pour enfants \u2666 balan\u00e7oires enfants \u2666 tennis de table \u2666 bbq \u2666 petit jardin aux herbes aromatiques et produits mara\u00eechers pour cuisiner<\/span><\/em><\/p>\n<p><em><span style=\"color: #7d7d99;\">animaux de compagnie accept\u00e9s<\/span><\/em><small> sur demande<br \/>Nous souhaitons informer nos invit\u00e9s qu\u2019un chien a peut-\u00eatre d\u00e9j\u00e0 v\u00e9cu sur les lieux, \u00e0 l\u2019int\u00e9rieur ou \u00e0 l\u2019ext\u00e9rieur de la maison. <br \/>Nous vous signalons cela au cas o\u00f9 vous seriez allergique aux chiens. <br \/>Veuillez noter que la maison est nettoy\u00e9e en profondeur entre chaque s\u00e9jour.<br \/><\/small><\/p>\n<\/div>\n<\/div>\n<\/div>\n<\/div>\n\n\n<p><\/p><script src=\"https:\/\/www.bookingmood.com\/js\/embed.js\"><\/script>\n<div data-bm=\"calendar\/7506781d-dd1e-45a8-8e6f-17104ccd9963\" data-bm-layout=\"popup\" data-bm-label=\"Disponibilite la maison\" data-bm-background-color=\"#7d7d99\" data-bm-color=\"#fff\" data-bm-width=\"#50\" class=\"wp-bookingmood-widget\"><\/div>\n\n","protected":false},"excerpt":{"rendered":"<p>CARACT\u00c9RISTIQUES INT\u00c9RIEURES \u2666 cuisine traditionnelle tout compris &nbsp; \u2666&nbsp; draps et serviettes \u2666 s\u00e8che cheveux \u2666 machine \u00e0 laver &nbsp;\u2666 fer \u00e0 repasser \/ planche \u00e0 repasser&nbsp;&nbsp;\u2666 ADSL Internet&nbsp;&nbsp;\u2666 Wi-Fi&nbsp;\u2666 micro Hi-Fi&nbsp; \u2666 livres (Fran\u00e7ais, Anglais) \u2666 jeux de table&nbsp;\u2666 cartes de randonn\u00e9es CARACT\u00c9RISTIQUES EXT\u00c9RIEURES \u2666 meubles de jardin &nbsp;\u2666 hamacs \u2666 balan\u00e7oires pour enfants &hellip; <\/p>\n<p class=\"link-more\"><a href=\"https:\/\/sifnos-artemonas.com\/fr\/the-main-house\/facilities\/\" class=\"more-link\">Continue reading<span class=\"screen-reader-text\"> &#8220;FONCTIONNALIT\u00c9S la maison&#8221;<\/span><\/a><\/p>\n","protected":false},"author":1,"featured_media":132,"parent":69,"menu_order":0,"comment_status":"closed","ping_status":"closed","template":"","meta":{"ngg_post_thumbnail":0,"footnotes":""},"class_list":["post-78","page","type-page","status-publish","has-post-thumbnail","hentry"],"translation":{"provider":"WPGlobus","version":"3.0.2","language":"fr","enabled_languages":["gb","fr","gr"],"languages":{"gb":{"title":true,"content":true,"excerpt":false},"fr":{"title":true,"content":true,"excerpt":false},"gr":{"title":true,"content":true,"excerpt":false}}},"_links":{"self":[{"href":"https:\/\/sifnos-artemonas.com\/fr\/wp-json\/wp\/v2\/pages\/78","targetHints":{"allow":["GET"]}}],"collection":[{"href":"https:\/\/sifnos-artemonas.com\/fr\/wp-json\/wp\/v2\/pages"}],"about":[{"href":"https:\/\/sifnos-artemonas.com\/fr\/wp-json\/wp\/v2\/types\/page"}],"author":[{"embeddable":true,"href":"https:\/\/sifnos-artemonas.com\/fr\/wp-json\/wp\/v2\/users\/1"}],"replies":[{"embeddable":true,"href":"https:\/\/sifnos-artemonas.com\/fr\/wp-json\/wp\/v2\/comments?post=78"}],"version-history":[{"count":103,"href":"https:\/\/sifnos-artemonas.com\/fr\/wp-json\/wp\/v2\/pages\/78\/revisions"}],"predecessor-version":[{"id":3047,"href":"https:\/\/sifnos-artemonas.com\/fr\/wp-json\/wp\/v2\/pages\/78\/revisions\/3047"}],"up":[{"embeddable":true,"href":"https:\/\/sifnos-artemonas.com\/fr\/wp-json\/wp\/v2\/pages\/69"}],"wp:featuredmedia":[{"embeddable":true,"href":"https:\/\/sifnos-artemonas.com\/fr\/wp-json\/wp\/v2\/media\/132"}],"wp:attachment":[{"href":"https:\/\/sifnos-artemonas.com\/fr\/wp-json\/wp\/v2\/media?parent=78"}],"curies":[{"name":"wp","href":"https:\/\/api.w.org\/{rel}","templated":true}]}}