{"id":8,"date":"2017-10-31T13:17:31","date_gmt":"2017-10-31T10:17:31","guid":{"rendered":"http:\/\/hellinomnimon.phs.uoa.gr\/sifnoswp\/?page_id=8"},"modified":"2018-08-02T22:48:22","modified_gmt":"2018-08-02T20:48:22","slug":"sifnos","status":"publish","type":"page","link":"https:\/\/sifnos-artemonas.com\/fr\/sifnos\/","title":{"rendered":"SIFNOS"},"content":{"rendered":"<p><strong><span style=\"color: #7d7d99;\">Island\u2019s Location<\/span><\/strong><\/p>\n<p style=\"text-align: justify;\"><em><span style=\"color: #7d7d99;\"><a style=\"color: #7d7d99;\" href=\"https:\/\/goo.gl\/maps\/X2zPC1tVf332\" target=\"_blank\" rel=\"noopener\">Sifnos<\/a><\/span> <\/em>appartient au groupe des Cyclades, et elle est consid\u00e9r\u00e9e comme une des plus belles iles de la Mer Eg\u00e9e. Elle est \u00e0 une distance de 84 miles nautiques du Pir\u00e9e. La liaison se fait avec les bateaux de ligne (5h30) ainsi que les High Speed (3.15). D\u2019Avril \u00e0 Octobre il y a plusieurs trajets quotidiens qui relient Sifnos au Pir\u00e9e et aux iles alentour.<\/p>\n<p><span style=\"color: #7d7d99;\"><strong>Quelques mots sur l\u2019histoire de l\u2019ile<\/strong><\/span><\/p>\n<p style=\"text-align: justify;\">L\u2019ancien nom de Sifnos \u00e9tait<span style=\"text-decoration: underline;\"><em><span style=\"color: #7d7d99; text-decoration: underline;\"> Meropi<\/span><\/em><\/span>, elle \u00e9tait habit\u00e9e d\u2019Ioniens et elle \u00e9tait l\u2019ile la plus riche des Cyclades. A Delphes se trouve m\u00eame le tr\u00e9sor des Sifniotes, qui donne une id\u00e9e de cette richesse. Sifnos a prit part aux guerres des Ath\u00e9niens contre les Perses, vu qu\u2019elle faisait partie de la Coalition Ath\u00e9nienne. A l\u2019\u00e9poque des Francs, elle est pass\u00e9e en possession de plusieurs familles. En 1537, la souverainet\u00e9 V\u00e9nitienne a \u00e9t\u00e9 remplace par la souverainet\u00e9 Turque, qui pourtant ont donn\u00e9e beaucoup de privil\u00e8ges aux habitants de l\u2019ile.<\/p>\n<p style=\"text-align: justify;\">Sifnos est aussi le pays d\u2019origine de plusieurs figures importantes de la vie culturelle grecque, comme le Patriarche de Constantinople Gr\u00e9goire VI. L\u2019ile est aussi le lieu de naissance de Difylos, m\u00e9decin renomm\u00e9 du III\u00e8me si\u00e8cle ap J.-C. Au 19eme si\u00e8cle, nait a Sifnos le chef r\u00e9put\u00e9 <span style=\"text-decoration: underline;\"><span style=\"color: #7d7d99; text-decoration: underline;\"><em>Nikolas Tselementes<\/em>,<\/span><\/span> qui a fortement influenc\u00e9 la cuisine Sifniote ainsi que la cuisine grecque en g\u00e9n\u00e9ral.<\/p>\n","protected":false},"excerpt":{"rendered":"<p>Island\u2019s Location Sifnos appartient au groupe des Cyclades, et elle est consid\u00e9r\u00e9e comme une des plus belles iles de la Mer Eg\u00e9e. Elle est \u00e0 une distance de 84 miles nautiques du Pir\u00e9e. La liaison se fait avec les bateaux de ligne (5h30) ainsi que les High Speed (3.15). D\u2019Avril \u00e0 Octobre il y a &hellip; <\/p>\n<p class=\"link-more\"><a href=\"https:\/\/sifnos-artemonas.com\/fr\/sifnos\/\" class=\"more-link\">Continue reading<span class=\"screen-reader-text\"> &#8220;SIFNOS&#8221;<\/span><\/a><\/p>\n","protected":false},"author":1,"featured_media":1726,"parent":0,"menu_order":0,"comment_status":"closed","ping_status":"closed","template":"","meta":{"ngg_post_thumbnail":0,"footnotes":""},"class_list":["post-8","page","type-page","status-publish","has-post-thumbnail","hentry"],"translation":{"provider":"WPGlobus","version":"3.0.2","language":"fr","enabled_languages":["gb","fr","gr"],"languages":{"gb":{"title":true,"content":true,"excerpt":false},"fr":{"title":true,"content":true,"excerpt":false},"gr":{"title":true,"content":true,"excerpt":false}}},"_links":{"self":[{"href":"https:\/\/sifnos-artemonas.com\/fr\/wp-json\/wp\/v2\/pages\/8","targetHints":{"allow":["GET"]}}],"collection":[{"href":"https:\/\/sifnos-artemonas.com\/fr\/wp-json\/wp\/v2\/pages"}],"about":[{"href":"https:\/\/sifnos-artemonas.com\/fr\/wp-json\/wp\/v2\/types\/page"}],"author":[{"embeddable":true,"href":"https:\/\/sifnos-artemonas.com\/fr\/wp-json\/wp\/v2\/users\/1"}],"replies":[{"embeddable":true,"href":"https:\/\/sifnos-artemonas.com\/fr\/wp-json\/wp\/v2\/comments?post=8"}],"version-history":[{"count":37,"href":"https:\/\/sifnos-artemonas.com\/fr\/wp-json\/wp\/v2\/pages\/8\/revisions"}],"predecessor-version":[{"id":1903,"href":"https:\/\/sifnos-artemonas.com\/fr\/wp-json\/wp\/v2\/pages\/8\/revisions\/1903"}],"wp:featuredmedia":[{"embeddable":true,"href":"https:\/\/sifnos-artemonas.com\/fr\/wp-json\/wp\/v2\/media\/1726"}],"wp:attachment":[{"href":"https:\/\/sifnos-artemonas.com\/fr\/wp-json\/wp\/v2\/media?parent=8"}],"curies":[{"name":"wp","href":"https:\/\/api.w.org\/{rel}","templated":true}]}}